{"id":230,"date":"2022-06-16T11:46:52","date_gmt":"2022-06-16T11:46:52","guid":{"rendered":"https:\/\/androbin.test\/?page_id=230"},"modified":"2024-11-06T15:17:07","modified_gmt":"2024-11-06T15:17:07","slug":"imprint","status":"publish","type":"page","link":"https:\/\/and-robin.de\/en\/imprint\/","title":{"rendered":"Legal Notice"},"content":{"rendered":"\n<div style=\"height:120px\" aria-hidden=\"true\" class=\"wp-block-spacer\"><\/div>\n\n\n\n<p class=\"has-l-font-size\">Legal Notice<\/p>\n\n\n\n<p class=\"has-s-font-size\">AndRobin GmbH<br>Managing Partner (Gesch\u00e4ftsf\u00fchrer*in): Farina Schurzfeld<br>Linienstra\u00dfe 147<br>D- 10115 Berlin<br><\/p>\n\n\n\n<p class=\"has-s-font-size\">Telephone number: +49 1525 8699103<br>Email address:&nbsp;<a rel=\"noreferrer noopener\" href=\"mailto:hello@and-robin.de\" target=\"_blank\">hello@and-robin.de<\/a><\/p>\n\n\n\n<p class=\"has-s-font-size\">Amtsgericht Berlin Charlottenburg<br>HRB 246258 B)<br>Steuernummer: 30\/208\/51028<br>UsT-ID (VAT identification number): DE303749251<\/p>\n\n\n\n<p class=\"has-s-font-size\">Person in charge:&nbsp;Farina Schurzfeld<\/p>\n\n\n\n<div style=\"height:100px\" aria-hidden=\"true\" class=\"wp-block-spacer\"><\/div>\n","protected":false},"excerpt":{"rendered":"<p>Legal Notice AndRobin GmbHManaging Partner (Gesch\u00e4ftsf\u00fchrer*in): Farina SchurzfeldLinienstra\u00dfe 147D- 10115 Berlin Telephone number: +49 1525 8699103Email address:&nbsp;hello@and-robin.de Amtsgericht Berlin CharlottenburgHRB 246258 B)Steuernummer: 30\/208\/51028UsT-ID (VAT identification number): DE303749251 Person in charge:&nbsp;Farina Schurzfeld<\/p>\n","protected":false},"author":1,"featured_media":0,"parent":0,"menu_order":0,"comment_status":"closed","ping_status":"closed","template":"","meta":{"_acf_changed":false,"footnotes":""},"class_list":["post-230","page","type-page","status-publish","hentry"],"acf":[],"_links":{"self":[{"href":"https:\/\/and-robin.de\/en\/wp-json\/wp\/v2\/pages\/230","targetHints":{"allow":["GET"]}}],"collection":[{"href":"https:\/\/and-robin.de\/en\/wp-json\/wp\/v2\/pages"}],"about":[{"href":"https:\/\/and-robin.de\/en\/wp-json\/wp\/v2\/types\/page"}],"author":[{"embeddable":true,"href":"https:\/\/and-robin.de\/en\/wp-json\/wp\/v2\/users\/1"}],"replies":[{"embeddable":true,"href":"https:\/\/and-robin.de\/en\/wp-json\/wp\/v2\/comments?post=230"}],"version-history":[{"count":12,"href":"https:\/\/and-robin.de\/en\/wp-json\/wp\/v2\/pages\/230\/revisions"}],"predecessor-version":[{"id":677,"href":"https:\/\/and-robin.de\/en\/wp-json\/wp\/v2\/pages\/230\/revisions\/677"}],"wp:attachment":[{"href":"https:\/\/and-robin.de\/en\/wp-json\/wp\/v2\/media?parent=230"}],"curies":[{"name":"wp","href":"https:\/\/api.w.org\/{rel}","templated":true}]}}